{"id":21,"date":"2021-05-29T17:25:15","date_gmt":"2021-05-29T17:25:15","guid":{"rendered":"https:\/\/enrutadostravel.com\/?page_id=21"},"modified":"2025-08-15T20:35:30","modified_gmt":"2025-08-15T20:35:30","slug":"enrutados-travel-agencia-de-viajes","status":"publish","type":"page","link":"https:\/\/enrutadostravel.com\/","title":{"rendered":"Enrutados Travel Agencia De Viajes"},"content":{"rendered":"<p>[et_pb_section fb_built=&#8221;1&#8243; fullwidth=&#8221;on&#8221; admin_label=&#8221;Hero&#8221; _builder_version=&#8221;4.9.4&#8243; background_image=&#8221;https:\/\/enrutadostravel.com\/wp-content\/uploads\/2025\/08\/Naranja-Negocios-Servicios-Sitio-Web.png&#8221; parallax=&#8221;on&#8221; custom_padding=&#8221;0px|0px|0px|0px&#8221;][et_pb_fullwidth_header title=&#8221;Explora el mundo&#8221; text_orientation=&#8221;center&#8221; button_one_text=&#8221;BUSCAR&#8221; button_one_url=&#8221;https:\/\/www.instagram.com\/enrutadostravel?igsh=emcwbmp6dnVjaGpq&#038;utm_source=qr&#8221; background_overlay_color=&#8221;rgba(29,38,51,0.86)&#8221; content_max_width=&#8221;700px&#8221; admin_label=&#8221;Hero Section&#8221; _builder_version=&#8221;4.9.4&#8243; title_font=&#8221;Montserrat|700||on|||||&#8221; title_text_align=&#8221;center&#8221; title_font_size=&#8221;59px&#8221; content_font=&#8221;Montserrat|||on|||||&#8221; content_text_align=&#8221;center&#8221; content_font_size=&#8221;20px&#8221; subhead_font=&#8221;Montserrat||||||||&#8221; background_color=&#8221;rgba(255, 255, 255, 0)&#8221; background_image=&#8221;https:\/\/enrutadostravel.com\/wp-content\/uploads\/2025\/08\/Portada-de-Facebook-sobre-agencia-de-viajes-moderna-azul-2000-x-924-px.png&#8221; parallax=&#8221;on&#8221; parallax_method=&#8221;on&#8221; custom_button_one=&#8221;on&#8221; button_one_border_radius=&#8221;0px&#8221; button_one_letter_spacing=&#8221;4px&#8221; button_one_font=&#8221;Montserrat|700||on|||||&#8221; button_one_icon=&#8221;%%52%%&#8221; button_one_icon_color=&#8221;#ffffff&#8221; custom_margin=&#8221;16px||-3px|0px|false|false&#8221; custom_padding=&#8221;150px||150px|&#8221; custom_padding_tablet=&#8221;60px||60px|&#8221; custom_padding_phone=&#8221;&#8221; custom_padding_last_edited=&#8221;on|tablet&#8221; animation_style=&#8221;zoom&#8221; animation_direction=&#8221;bottom&#8221; animation_intensity_zoom=&#8221;4%&#8221; title_text_shadow_style=&#8221;preset3&#8243; border_radii_image=&#8221;on|52px|52px|52px|52px&#8221; box_shadow_style_button_one=&#8221;preset1&#8243; box_shadow_color_button_one=&#8221;rgba(237,240,0,0.32)&#8221; button_one_text_color_hover=&#8221;#ffffff&#8221; button_one_border_color_hover=&#8221;#ffffff&#8221; button_one_border_radius_hover=&#8221;0px&#8221; button_one_letter_spacing_hover=&#8221;4px&#8221; button_one_bg_color_hover=&#8221;rgba(0,0,0,0)&#8221; button_one_text_size__hover_enabled=&#8221;off&#8221; button_two_text_size__hover_enabled=&#8221;off&#8221; button_one_text_color__hover_enabled=&#8221;on&#8221; button_one_text_color__hover=&#8221;#ffffff&#8221; button_two_text_color__hover_enabled=&#8221;off&#8221; button_one_border_width__hover_enabled=&#8221;off&#8221; button_two_border_width__hover_enabled=&#8221;off&#8221; button_one_border_color__hover_enabled=&#8221;on&#8221; button_one_border_color__hover=&#8221;#ffffff&#8221; button_two_border_color__hover_enabled=&#8221;off&#8221; button_one_border_radius__hover_enabled=&#8221;on&#8221; button_one_border_radius__hover=&#8221;0px&#8221; button_two_border_radius__hover_enabled=&#8221;off&#8221; button_one_letter_spacing__hover_enabled=&#8221;on&#8221; button_one_letter_spacing__hover=&#8221;4px&#8221; button_two_letter_spacing__hover_enabled=&#8221;off&#8221; button_one_bg_color__hover_enabled=&#8221;on&#8221; button_one_bg_color__hover=&#8221;rgba(0,0,0,0)&#8221; button_two_bg_color__hover_enabled=&#8221;off&#8221;]<\/p>\n<p style=\"padding-left: 40px; text-align: center;\"><strong><span style=\"color: #dadd00;\">Piensa un destino, elige una fecha y dale BUSCAR.<\/span><\/strong><\/p>\n<p>[\/et_pb_fullwidth_header][\/et_pb_section][et_pb_section fb_built=&#8221;1&#8243; inner_shadow=&#8221;on&#8221; admin_label=&#8221;Gallery&#8221; _builder_version=&#8221;4.9.4&#8243; custom_padding=&#8221;0px||0px|&#8221;][et_pb_row column_structure=&#8221;1_4,1_4,1_4,1_4&#8243; use_custom_gutter=&#8221;on&#8221; gutter_width=&#8221;1&#8243; make_equal=&#8221;on&#8221; module_class=&#8221; et_pb_row_fullwidth&#8221; _builder_version=&#8221;4.9.4&#8243; width=&#8221;100%&#8221; width_tablet=&#8221;100%&#8221; width_phone=&#8221;&#8221; width_last_edited=&#8221;on|desktop&#8221; max_width=&#8221;100%&#8221; max_width_tablet=&#8221;100%&#8221; max_width_phone=&#8221;&#8221; max_width_last_edited=&#8221;on|desktop&#8221; custom_padding=&#8221;0px|0px|0px|0px&#8221; make_fullwidth=&#8221;on&#8221;][et_pb_column type=&#8221;1_4&#8243; _builder_version=&#8221;4.9.4&#8243; background_image=&#8221;https:\/\/enrutadostravel.com\/wp-content\/uploads\/2025\/08\/Beige-and-Brown-Elegant-New-Collection-Instagram-Post-Portrait-1080&#215;1350-px-7.png&#8221; custom_padding=&#8221;|||&#8221; custom_padding__hover=&#8221;|||&#8221;][et_pb_image src=&#8221;https:\/\/enrutadostravel.com\/wp-content\/uploads\/2025\/08\/Beige-and-Brown-Elegant-New-Collection-Instagram-Post-Portrait-1080&#215;1350-px-4-2.png&#8221; title_text=&#8221;Beige-and-Brown-Elegant-New-Collection-Instagram-Post-Portrait-1080&#215;1350-px-4&#8243; url=&#8221;http:\/\/wa.link\/vy6fjw&#8221; url_new_window=&#8221;on&#8221; force_fullwidth=&#8221;on&#8221; align_tablet=&#8221;center&#8221; align_phone=&#8221;&#8221; align_last_edited=&#8221;on|desktop&#8221; _builder_version=&#8221;4.9.4&#8243; animation_style=&#8221;zoom&#8221; animation_direction=&#8221;left&#8221; animation_duration=&#8221;500ms&#8221; animation_intensity_zoom=&#8221;10%&#8221;][\/et_pb_image][et_pb_button button_url=&#8221;http:\/\/wa.link\/vy6fjw&#8221; button_text=&#8221;COTIZAR&#8221; button_alignment=&#8221;center&#8221; _builder_version=&#8221;4.9.4&#8243; _module_preset=&#8221;default&#8221; custom_button=&#8221;on&#8221; button_text_size=&#8221;17px&#8221; button_text_color=&#8221;#FFFFFF&#8221; button_border_width=&#8221;1px&#8221; button_border_radius=&#8221;17px&#8221; button_letter_spacing=&#8221;6px&#8221; button_font=&#8221;Montserrat|800||on|||||&#8221; button_icon=&#8221;%%132%%&#8221; custom_margin=&#8221;-73px|||||&#8221; box_shadow_style=&#8221;preset1&#8243; box_shadow_spread=&#8221;-3px&#8221; box_shadow_color=&#8221;#FFFFFF&#8221;][\/et_pb_button][\/et_pb_column][et_pb_column type=&#8221;1_4&#8243; _builder_version=&#8221;3.25&#8243; custom_padding=&#8221;|||&#8221; custom_padding__hover=&#8221;|||&#8221;][et_pb_image src=&#8221;https:\/\/enrutadostravel.com\/wp-content\/uploads\/2025\/08\/Beige-and-Brown-Elegant-New-Collection-Instagram-Post-Portrait-1080&#215;1350-px-5.png&#8221; title_text=&#8221;Beige and Brown Elegant New Collection Instagram Post Portrait ( 1080&#215;1350 px) (5)&#8221; url=&#8221;http:\/\/wa.link\/vy6fjw&#8221; force_fullwidth=&#8221;on&#8221; align_tablet=&#8221;center&#8221; align_phone=&#8221;&#8221; align_last_edited=&#8221;on|desktop&#8221; _builder_version=&#8221;4.9.4&#8243; animation_style=&#8221;zoom&#8221; animation_direction=&#8221;left&#8221; animation_duration=&#8221;500ms&#8221; animation_delay=&#8221;100ms&#8221; animation_intensity_zoom=&#8221;10%&#8221; locked=&#8221;off&#8221;][\/et_pb_image][et_pb_button button_url=&#8221;http:\/\/wa.link\/vy6fjw&#8221; button_text=&#8221;COTIZAR&#8221; button_alignment=&#8221;center&#8221; _builder_version=&#8221;4.9.4&#8243; _module_preset=&#8221;default&#8221; custom_button=&#8221;on&#8221; button_text_size=&#8221;17px&#8221; button_text_color=&#8221;#FFFFFF&#8221; button_border_width=&#8221;1px&#8221; button_border_radius=&#8221;17px&#8221; button_letter_spacing=&#8221;6px&#8221; button_font=&#8221;Montserrat|800||on|||||&#8221; button_icon=&#8221;%%132%%&#8221; custom_margin=&#8221;-75px|||||&#8221; hover_enabled=&#8221;0&#8243; box_shadow_style=&#8221;preset1&#8243; box_shadow_spread=&#8221;-3px&#8221; box_shadow_color=&#8221;#FFFFFF&#8221; sticky_enabled=&#8221;0&#8243;][\/et_pb_button][\/et_pb_column][et_pb_column type=&#8221;1_4&#8243; _builder_version=&#8221;3.25&#8243; custom_padding=&#8221;|||&#8221; custom_padding__hover=&#8221;|||&#8221;][et_pb_image src=&#8221;https:\/\/enrutadostravel.com\/wp-content\/uploads\/2025\/08\/Beige-and-Brown-Elegant-New-Collection-Instagram-Post-Portrait-1080&#215;1350-px-6.png&#8221; title_text=&#8221;Beige and Brown Elegant New Collection Instagram Post Portrait ( 1080&#215;1350 px) (6)&#8221; url=&#8221;http:\/\/wa.link\/vy6fjw&#8221; force_fullwidth=&#8221;on&#8221; align_tablet=&#8221;center&#8221; align_phone=&#8221;&#8221; align_last_edited=&#8221;on|desktop&#8221; _builder_version=&#8221;4.9.4&#8243; custom_margin=&#8221;||-80px|||&#8221; animation_style=&#8221;zoom&#8221; animation_direction=&#8221;left&#8221; animation_duration=&#8221;500ms&#8221; animation_delay=&#8221;200ms&#8221; animation_intensity_zoom=&#8221;10%&#8221; locked=&#8221;off&#8221;][\/et_pb_image][et_pb_button button_url=&#8221;http:\/\/wa.link\/vy6fjw&#8221; button_text=&#8221;COTIZAR&#8221; button_alignment=&#8221;center&#8221; _builder_version=&#8221;4.9.4&#8243; _module_preset=&#8221;default&#8221; custom_button=&#8221;on&#8221; button_text_size=&#8221;17px&#8221; button_text_color=&#8221;#FFFFFF&#8221; button_border_width=&#8221;1px&#8221; button_border_radius=&#8221;17px&#8221; button_letter_spacing=&#8221;6px&#8221; button_font=&#8221;Montserrat|800||on|||||&#8221; button_icon=&#8221;%%132%%&#8221; custom_margin=&#8221;-49px|||||&#8221; box_shadow_style=&#8221;preset1&#8243; box_shadow_spread=&#8221;-3px&#8221; box_shadow_color=&#8221;#FFFFFF&#8221;][\/et_pb_button][\/et_pb_column][et_pb_column type=&#8221;1_4&#8243; _builder_version=&#8221;3.25&#8243; custom_padding=&#8221;|||&#8221; custom_padding__hover=&#8221;|||&#8221;][et_pb_image src=&#8221;https:\/\/enrutadostravel.com\/wp-content\/uploads\/2025\/08\/Beige-and-Brown-Elegant-New-Collection-Instagram-Post-Portrait-1080&#215;1350-px-7.png&#8221; title_text=&#8221;Beige and Brown Elegant New Collection Instagram Post Portrait ( 1080&#215;1350 px) (7)&#8221; url=&#8221;http:\/\/wa.link\/vy6fjw&#8221; force_fullwidth=&#8221;on&#8221; align_tablet=&#8221;center&#8221; align_phone=&#8221;&#8221; align_last_edited=&#8221;on|desktop&#8221; _builder_version=&#8221;4.9.4&#8243; custom_padding=&#8221;||1px|||&#8221; animation_style=&#8221;zoom&#8221; animation_duration=&#8221;500ms&#8221; animation_delay=&#8221;300ms&#8221; animation_intensity_zoom=&#8221;10%&#8221; locked=&#8221;off&#8221;][\/et_pb_image][et_pb_button button_url=&#8221;http:\/\/wa.link\/vy6fjw&#8221; button_text=&#8221;COTIZAR&#8221; button_alignment=&#8221;center&#8221; _builder_version=&#8221;4.9.4&#8243; _module_preset=&#8221;default&#8221; custom_button=&#8221;on&#8221; button_text_size=&#8221;17px&#8221; button_text_color=&#8221;#FFFFFF&#8221; button_border_width=&#8221;1px&#8221; button_border_radius=&#8221;17px&#8221; button_letter_spacing=&#8221;6px&#8221; button_font=&#8221;Montserrat|800||on|||||&#8221; button_icon=&#8221;%%132%%&#8221; custom_margin=&#8221;-81px|||||&#8221; box_shadow_style=&#8221;preset1&#8243; box_shadow_spread=&#8221;-3px&#8221; box_shadow_color=&#8221;#FFFFFF&#8221;][\/et_pb_button][\/et_pb_column][\/et_pb_row][\/et_pb_section][et_pb_section fb_built=&#8221;1&#8243; _builder_version=&#8221;3.22&#8243; custom_margin=&#8221;-72px|||||&#8221; custom_padding=&#8221;97px||110px|||&#8221;][et_pb_row column_structure=&#8221;1_2,1_2&#8243; _builder_version=&#8221;4.9.4&#8243; custom_margin=&#8221;|179px||251px||&#8221; custom_padding=&#8221;114px|||0px||&#8221; hover_enabled=&#8221;0&#8243; width=&#8221;78.1%&#8221; sticky_enabled=&#8221;0&#8243; use_custom_gutter=&#8221;on&#8221; gutter_width=&#8221;4&#8243;][et_pb_column type=&#8221;1_2&#8243; _builder_version=&#8221;3.25&#8243; custom_padding=&#8221;|||&#8221; custom_padding__hover=&#8221;|||&#8221;][et_pb_text admin_label=&#8221;Discover Beatuty Title&#8221; _builder_version=&#8221;4.9.4&#8243; text_font=&#8221;Montserrat||||||||&#8221; text_text_color=&#8221;#a200dd&#8221; text_font_size=&#8221;1px&#8221; text_line_height=&#8221;1.9em&#8221; header_font=&#8221;Oswald|on||on|&#8221; header_text_align=&#8221;left&#8221; header_font_size=&#8221;60px&#8221; header_line_height=&#8221;1.3em&#8221; custom_margin=&#8221;|-38px||||&#8221; custom_padding=&#8221;|||5px||&#8221; animation_style=&#8221;slide&#8221; animation_direction=&#8221;%22fade_in%22&#8243; animation_duration=&#8221;500ms&#8221; animation_intensity_slide=&#8221;10%&#8221; text_text_shadow_style=&#8221;preset3&#8243;]<\/p>\n<h1 style=\"text-align: left;\"><span style=\"color: #972ee8;\">tu proxima historia inicia aqui<\/span><\/h1>\n<p>[\/et_pb_text][et_pb_text admin_label=&#8221;Discover Beatuty Sub Title&#8221; _builder_version=&#8221;4.9.4&#8243; text_font=&#8221;Montserrat||||||||&#8221; text_text_color=&#8221;#1a1a1a&#8221; text_font_size=&#8221;24px&#8221; text_line_height=&#8221;1.4em&#8221; animation_style=&#8221;slide&#8221; animation_direction=&#8221;top&#8221; animation_delay=&#8221;100ms&#8221; animation_intensity_slide=&#8221;10%&#8221; custom_padding=&#8221;||121px|||&#8221; custom_margin=&#8221;74px|||||&#8221;]<\/p>\n<blockquote data-start=\"1115\" data-end=\"1440\"><\/blockquote>\n<blockquote data-start=\"1115\" data-end=\"1440\"><\/blockquote>\n<blockquote data-start=\"1115\" data-end=\"1440\"><\/blockquote>\n<blockquote data-start=\"1115\" data-end=\"1440\"><\/blockquote>\n<blockquote data-start=\"1115\" data-end=\"1440\">\n<p data-start=\"1117\" data-end=\"1440\"><strong data-start=\"1117\" data-end=\"1162\"><\/strong><\/p>\n<p data-start=\"1117\" data-end=\"1440\"><strong data-start=\"1117\" data-end=\"1162\"><\/strong><\/p>\n<p data-start=\"1117\" data-end=\"1440\"><strong data-start=\"1117\" data-end=\"1162\"><\/strong><\/p>\n<p data-start=\"1117\" data-end=\"1440\"><strong data-start=\"1117\" data-end=\"1162\"><\/strong><\/p>\n<p data-start=\"1117\" data-end=\"1440\"><strong data-start=\"1117\" data-end=\"1162\">Deja que tu pr\u00f3xima historia empiece aqu\u00ed<\/strong><\/p>\n<p data-start=\"1117\" data-end=\"1440\">Esa foto en la playa con el atardecer perfecto. Ese caf\u00e9 en una plaza europea que parece de pel\u00edcula. Esa aventura que cuentas una y otra vez. Todo comienza con un plan bien hecho, y ah\u00ed entramos nosotros. Enrutrados Travel: tu pase directo a destinos que marcan tu vida.<\/p>\n<\/blockquote>\n<p>[\/et_pb_text][et_pb_button button_text=&#8221;Contactanos&#8221; _builder_version=&#8221;4.9.4&#8243; _module_preset=&#8221;default&#8221; button_alignment=&#8221;center&#8221; hover_enabled=&#8221;0&#8243; sticky_enabled=&#8221;0&#8243; custom_margin=&#8221;-111px|||||&#8221; button_url=&#8221;http:\/\/wa.link\/vy6fjw&#8221; custom_button=&#8221;on&#8221; button_text_color=&#8221;#FFFFFF&#8221; button_bg_color=&#8221;#8300E9&#8243; button_bg_enable_color=&#8221;on&#8221; button_border_width=&#8221;0px&#8221; button_border_radius=&#8221;43px&#8221; button_font=&#8221;Montserrat|||on|||||&#8221; button_icon=&#8221;%%132%%&#8221;][\/et_pb_button][et_pb_divider color=&#8221;#8300E9&#8243; divider_position=&#8221;center&#8221; divider_weight=&#8221;4px&#8221; disabled_on=&#8221;off|off|off&#8221; _builder_version=&#8221;4.9.4&#8243; max_width=&#8221;150px&#8221; height=&#8221;false&#8221; animation_style=&#8221;slide&#8221; animation_direction=&#8221;top&#8221; animation_delay=&#8221;200ms&#8221; animation_intensity_slide=&#8221;10%&#8221; hover_enabled=&#8221;0&#8243; divider_style=&#8221;ridge&#8221; custom_margin=&#8221;-1px||||false|false&#8221; custom_padding=&#8221;|||0px|false|false&#8221; sticky_enabled=&#8221;0&#8243;][\/et_pb_divider][\/et_pb_column][et_pb_column type=&#8221;1_2&#8243; _builder_version=&#8221;3.25&#8243; custom_padding=&#8221;|||&#8221; custom_padding__hover=&#8221;|||&#8221;][et_pb_image force_fullwidth=&#8221;on&#8221; align_tablet=&#8221;center&#8221; align_phone=&#8221;&#8221; align_last_edited=&#8221;on|desktop&#8221; _builder_version=&#8221;4.9.4&#8243; custom_margin=&#8221;-3px|||||&#8221; animation_style=&#8221;fold&#8221; animation_direction=&#8221;right&#8221; animation_intensity_fold=&#8221;20%&#8221; hover_enabled=&#8221;0&#8243; animation=&#8221;fade_in&#8221; title_text=&#8221;Beige and Brown Elegant New Collection Instagram Post Portrait ( 1080&#215;1350 px) (9)&#8221; src=&#8221;https:\/\/enrutadostravel.com\/wp-content\/uploads\/2025\/08\/Beige-and-Brown-Elegant-New-Collection-Instagram-Post-Portrait-1080&#215;1350-px-9.png&#8221; sticky_enabled=&#8221;0&#8243; url=&#8221;http:\/\/wa.link\/vy6fjw&#8221;][\/et_pb_image][\/et_pb_column][\/et_pb_row][\/et_pb_section][et_pb_section fb_built=&#8221;1&#8243; admin_label=&#8221;CTA&#8221; _builder_version=&#8221;3.22&#8243; background_image=&#8221;https:\/\/enrutadostravel.com\/wp-content\/uploads\/2021\/05\/travel-landscape-13.png&#8221; parallax=&#8221;on&#8221; custom_margin=&#8221;|||&#8221; custom_padding=&#8221;0px|||&#8221;][et_pb_row use_custom_gutter=&#8221;on&#8221; gutter_width=&#8221;1&#8243; custom_padding_last_edited=&#8221;on|tablet&#8221; module_class=&#8221; et_pb_row_fullwidth&#8221; _builder_version=&#8221;3.25&#8243; use_background_color_gradient=&#8221;on&#8221; background_color_gradient_start=&#8221;#ffffff&#8221; background_color_gradient_end=&#8221;rgba(255,255,255,0)&#8221; background_color_gradient_end_position=&#8221;22%&#8221; background_size=&#8221;initial&#8221; background_position=&#8221;top_left&#8221; background_repeat=&#8221;repeat&#8221; width=&#8221;100%&#8221; width_tablet=&#8221;100%&#8221; width_phone=&#8221;&#8221; width_last_edited=&#8221;on|desktop&#8221; max_width=&#8221;100%&#8221; max_width_tablet=&#8221;100%&#8221; max_width_phone=&#8221;&#8221; max_width_last_edited=&#8221;on|desktop&#8221; custom_padding=&#8221;13px|0px|220px|0px||&#8221; custom_padding_tablet=&#8221;0px|||&#8221; custom_padding_phone=&#8221;&#8221; make_fullwidth=&#8221;on&#8221;][et_pb_column type=&#8221;4_4&#8243; _builder_version=&#8221;3.25&#8243; custom_padding=&#8221;|||&#8221; custom_padding__hover=&#8221;|||&#8221;][et_pb_text admin_label=&#8221;CTA Section Title&#8221; _builder_version=&#8221;4.9.4&#8243; text_font=&#8221;Montserrat||||||||&#8221; text_line_height=&#8221;1em&#8221; header_font=&#8221;Oswald|on||on|&#8221; header_text_align=&#8221;center&#8221; header_font_size=&#8221;60px&#8221; header_line_height=&#8221;1.3em&#8221; background_size=&#8221;initial&#8221; background_position=&#8221;top_left&#8221; background_repeat=&#8221;repeat&#8221; module_alignment=&#8221;center&#8221; custom_margin=&#8221;||82px|||&#8221; custom_padding=&#8221;|||&#8221; animation_style=&#8221;slide&#8221; animation_direction=&#8221;top&#8221; animation_intensity_slide=&#8221;10%&#8221; hover_enabled=&#8221;0&#8243; locked=&#8221;off&#8221; sticky_enabled=&#8221;0&#8243;]<\/p>\n<h1><span style=\"color: #5700af;\">\u00a1el mundo no se recorrera solo!<\/span><\/h1>\n<p>[\/et_pb_text][et_pb_button button_text=&#8221;inicia aqui&#8221; _builder_version=&#8221;4.9.4&#8243; _module_preset=&#8221;default&#8221; button_alignment=&#8221;center&#8221; hover_enabled=&#8221;0&#8243; sticky_enabled=&#8221;0&#8243; custom_margin=&#8221;-71px|||||&#8221; button_url=&#8221;http:\/\/wa.link\/vy6fjw&#8221; custom_button=&#8221;on&#8221; button_text_color=&#8221;#FFFFFF&#8221; button_bg_color=&#8221;#8300E9&#8243; button_bg_enable_color=&#8221;on&#8221; button_border_width=&#8221;0px&#8221; button_border_radius=&#8221;43px&#8221; button_font=&#8221;Montserrat|||on|||||&#8221; button_icon=&#8221;%%132%%&#8221; custom_padding=&#8221;||0px|||&#8221;][\/et_pb_button][et_pb_image src=&#8221;https:\/\/enrutadostravel.com\/wp-content\/uploads\/2021\/05\/couple2.png&#8221; show_bottom_space=&#8221;off&#8221; align=&#8221;center&#8221; align_tablet=&#8221;center&#8221; align_phone=&#8221;&#8221; align_last_edited=&#8221;on|desktop&#8221; _builder_version=&#8221;3.23&#8243; custom_margin=&#8221;100px|||&#8221; animation_direction=&#8221;left&#8221;][\/et_pb_image][\/et_pb_column][\/et_pb_row][\/et_pb_section]<\/p>\n","protected":false},"excerpt":{"rendered":"<p>[et_pb_section fb_built=&#8221;1&#8243; fullwidth=&#8221;on&#8221; admin_label=&#8221;Hero&#8221; _builder_version=&#8221;4.9.4&#8243; background_image=&#8221;https:\/\/enrutadostravel.com\/wp-content\/uploads\/2025\/08\/Naranja-Negocios-Servicios-Sitio-Web.png&#8221; parallax=&#8221;on&#8221; custom_padding=&#8221;0px|0px|0px|0px&#8221;][et_pb_fullwidth_header title=&#8221;Explora el mundo&#8221; text_orientation=&#8221;center&#8221; button_one_text=&#8221;BUSCAR&#8221; button_one_url=&#8221;https:\/\/www.instagram.com\/enrutadostravel?igsh=emcwbmp6dnVjaGpq&#038;utm_source=qr&#8221; background_overlay_color=&#8221;rgba(29,38,51,0.86)&#8221; content_max_width=&#8221;700px&#8221; admin_label=&#8221;Hero Section&#8221; _builder_version=&#8221;4.9.4&#8243; title_font=&#8221;Montserrat|700||on|||||&#8221; title_text_align=&#8221;center&#8221; title_font_size=&#8221;59px&#8221; content_font=&#8221;Montserrat|||on|||||&#8221; content_text_align=&#8221;center&#8221; content_font_size=&#8221;20px&#8221; subhead_font=&#8221;Montserrat||||||||&#8221; background_color=&#8221;rgba(255, 255, 255, 0)&#8221; background_image=&#8221;https:\/\/enrutadostravel.com\/wp-content\/uploads\/2025\/08\/Portada-de-Facebook-sobre-agencia-de-viajes-moderna-azul-2000-x-924-px.png&#8221; parallax=&#8221;on&#8221; parallax_method=&#8221;on&#8221; custom_button_one=&#8221;on&#8221; button_one_border_radius=&#8221;0px&#8221; button_one_letter_spacing=&#8221;4px&#8221; button_one_font=&#8221;Montserrat|700||on|||||&#8221; button_one_icon=&#8221;%%52%%&#8221; button_one_icon_color=&#8221;#ffffff&#8221; custom_margin=&#8221;16px||-3px|0px|false|false&#8221; custom_padding=&#8221;150px||150px|&#8221; custom_padding_tablet=&#8221;60px||60px|&#8221; custom_padding_phone=&#8221;&#8221; custom_padding_last_edited=&#8221;on|tablet&#8221; animation_style=&#8221;zoom&#8221; animation_direction=&#8221;bottom&#8221; animation_intensity_zoom=&#8221;4%&#8221; title_text_shadow_style=&#8221;preset3&#8243; border_radii_image=&#8221;on|52px|52px|52px|52px&#8221; box_shadow_style_button_one=&#8221;preset1&#8243; box_shadow_color_button_one=&#8221;rgba(237,240,0,0.32)&#8221; button_one_text_color_hover=&#8221;#ffffff&#8221; button_one_border_color_hover=&#8221;#ffffff&#8221; button_one_border_radius_hover=&#8221;0px&#8221; button_one_letter_spacing_hover=&#8221;4px&#8221; [&hellip;]<\/p>\n","protected":false},"author":1,"featured_media":0,"parent":0,"menu_order":0,"comment_status":"closed","ping_status":"closed","template":"","meta":{"_et_pb_use_builder":"on","_et_pb_old_content":"","_et_gb_content_width":"","om_disable_all_campaigns":false,"_monsterinsights_skip_tracking":false,"_monsterinsights_sitenote_active":false,"_monsterinsights_sitenote_note":"","_monsterinsights_sitenote_category":0},"aioseo_notices":[],"_links":{"self":[{"href":"https:\/\/enrutadostravel.com\/index.php\/wp-json\/wp\/v2\/pages\/21"}],"collection":[{"href":"https:\/\/enrutadostravel.com\/index.php\/wp-json\/wp\/v2\/pages"}],"about":[{"href":"https:\/\/enrutadostravel.com\/index.php\/wp-json\/wp\/v2\/types\/page"}],"author":[{"embeddable":true,"href":"https:\/\/enrutadostravel.com\/index.php\/wp-json\/wp\/v2\/users\/1"}],"replies":[{"embeddable":true,"href":"https:\/\/enrutadostravel.com\/index.php\/wp-json\/wp\/v2\/comments?post=21"}],"version-history":[{"count":251,"href":"https:\/\/enrutadostravel.com\/index.php\/wp-json\/wp\/v2\/pages\/21\/revisions"}],"predecessor-version":[{"id":707,"href":"https:\/\/enrutadostravel.com\/index.php\/wp-json\/wp\/v2\/pages\/21\/revisions\/707"}],"wp:attachment":[{"href":"https:\/\/enrutadostravel.com\/index.php\/wp-json\/wp\/v2\/media?parent=21"}],"curies":[{"name":"wp","href":"https:\/\/api.w.org\/{rel}","templated":true}]}}